{"id":1620,"date":"2025-01-28T15:39:24","date_gmt":"2025-01-28T15:39:24","guid":{"rendered":"https:\/\/ers-trading.eu\/?page_id=1620"},"modified":"2025-02-04T12:50:30","modified_gmt":"2025-02-04T12:50:30","slug":"trgovanje","status":"publish","type":"page","link":"https:\/\/ers-trading.eu\/index.php\/trgovanje\/","title":{"rendered":"Trgovanje"},"content":{"rendered":"\t\t<div data-elementor-type=\"wp-page\" data-elementor-id=\"1620\" class=\"elementor elementor-1620\">\n\t\t\t\t<div class=\"elementor-element elementor-element-45e2c5c e-flex e-con-boxed e-con e-parent\" data-id=\"45e2c5c\" data-element_type=\"container\">\n\t\t\t\t\t<div class=\"e-con-inner\">\n\t\t\t\t<div class=\"elementor-element elementor-element-50bba43 elementor-widget elementor-widget-image\" data-id=\"50bba43\" data-element_type=\"widget\" data-widget_type=\"image.default\">\n\t\t\t\t<div class=\"elementor-widget-container\">\n\t\t\t\t\t\t\t\t\t\t\t\t\t<img fetchpriority=\"high\" decoding=\"async\" width=\"1024\" height=\"256\" src=\"https:\/\/ers-trading.eu\/wp-content\/uploads\/2025\/02\/iStock-4676390292-1024x256.jpg\" class=\"attachment-large size-large wp-image-1684\" alt=\"\" srcset=\"https:\/\/ers-trading.eu\/wp-content\/uploads\/2025\/02\/iStock-4676390292-1024x256.jpg 1024w, https:\/\/ers-trading.eu\/wp-content\/uploads\/2025\/02\/iStock-4676390292-300x75.jpg 300w, https:\/\/ers-trading.eu\/wp-content\/uploads\/2025\/02\/iStock-4676390292-768x192.jpg 768w, https:\/\/ers-trading.eu\/wp-content\/uploads\/2025\/02\/iStock-4676390292.jpg 1200w\" sizes=\"(max-width: 1024px) 100vw, 1024px\" \/>\t\t\t\t\t\t\t\t\t\t\t\t\t<\/div>\n\t\t\t\t<\/div>\n\t\t\t\t\t<\/div>\n\t\t\t\t<\/div>\n\t\t<div class=\"elementor-element elementor-element-0c07f37 e-flex e-con-boxed e-con e-parent\" data-id=\"0c07f37\" data-element_type=\"container\">\n\t\t\t\t\t<div class=\"e-con-inner\">\n\t\t<div class=\"elementor-element elementor-element-cd9d792 e-grid e-con-full e-con e-child\" data-id=\"cd9d792\" data-element_type=\"container\">\n\t\t\t\t<div class=\"elementor-element elementor-element-8a92ac5 elementor-widget elementor-widget-text-editor\" data-id=\"8a92ac5\" data-element_type=\"widget\" data-widget_type=\"text-editor.default\">\n\t\t\t\t<div class=\"elementor-widget-container\">\n\t\t\t\t\t\t\t<h4><strong>Trgovanje z elektri\u010dno energijo<\/strong><\/h4><p>Ukvarjamo s se s trgovanjem z elektri\u010dno energijo na veleprodajnih trgih, pri \u010demer se osredoto\u010damo tako na kratkoro\u010dne kot dolgoro\u010dne strategije. Na\u0161a napredna trgovalna infrastruktura in bogate izku\u0161nje nam omogo\u010dajo zagotavljanje zanesljive in konkuren\u010dne oskrbe z elektri\u010dno energijo v Evropi. Na\u0161e dejavnosti vklju\u010dujejo trgovanje na terminskih, dnevnih in znotrajdnevnih trgih.<\/p><p>Jedro na\u0161ega uspeha pa ostaja predana ekipa strokovnjakov, ki znajo prepoznati in izkoristiti prilo\u017enosti ter s tem zagotavljajo na\u0161o dolgoro\u010dno rast in stabilnost. Za ohranjanje konkuren\u010dnosti dajemo prednost nenehnim inovacijam in tehnolo\u0161kemu napredku. Z rednim nadgrajevanjem na\u0161ih trgovalnih platform, uvajanjem naprednih metod algoritemskega trgovanja, podprtih z zmogljivo analitiko, ter optimizacijo procesov s pomo\u010djo digitalizacije in avtomatizacije ostajamo korak pred tr\u017enimi trendi.<\/p>\t\t\t\t\t\t<\/div>\n\t\t\t\t<\/div>\n\t\t\t\t<div class=\"elementor-element elementor-element-04c6406 elementor-widget elementor-widget-text-editor\" data-id=\"04c6406\" data-element_type=\"widget\" data-widget_type=\"text-editor.default\">\n\t\t\t\t<div class=\"elementor-widget-container\">\n\t\t\t\t\t\t\t<h4><strong>Prisotnost <\/strong><\/h4><p>ERS Trading d.o.o. trenutno posluje na trgu CROPEX. Vendar pa so na\u0161e ambicije usmerjene tudi v \u0161iritev na druge klju\u010dne evropske trge. V prihodnosti na\u010drtujemo vklju\u010ditev v trg BNP Southpool, pa tudi v \u0161tevilne druge trgovalne platforme po Evropi. S tem bomo pridobili \u0161e ve\u010d prilo\u017enosti za optimizacijo poslovanja in zagotavljanje bolj\u0161ih pogojev za trgovanje z elektri\u010dno energijo, hkrati pa bomo \u0161e bolj u\u010dinkovito predstavljali na\u0161e mati\u010dno podjetje in njegovo elektri\u010dno energijo.<\/p><p>Na\u0161a \u0161iritev na te trge bo omogo\u010dila, da bolje izkoristimo prednosti globaliziranega energetskega trga, kar bo okrepilo polo\u017eaj Skupine ERS kot klju\u010dnega akterja v industriji v regiji. Na\u0161 cilj je ponuditi najbolj\u0161e pogoje za trgovanje z elektri\u010dno energijo, podpirati trajnostni razvoj in prispevati k ve\u010dji energetski varnosti v regiji in po vsej Evropi.<\/p>\t\t\t\t\t\t<\/div>\n\t\t\t\t<\/div>\n\t\t\t\t<div class=\"elementor-element elementor-element-3d99055 elementor-widget elementor-widget-text-editor\" data-id=\"3d99055\" data-element_type=\"widget\" data-widget_type=\"text-editor.default\">\n\t\t\t\t<div class=\"elementor-widget-container\">\n\t\t\t\t\t\t\t<h4><strong>Obnovljivi viri energije<\/strong><\/h4><p>ERS Trading d.o.o. si prizadeva za trajnostno prihodnost energetskega trga, zato se osredoto\u010damo na trgovanje z elektri\u010dno energijo, pridobljeno iz obnovljivih virov energije. S prehodom na zelene vire, kot so son\u010dna energija, vetrna energija in hidroenergija, \u017eelimo prispevati k zmanj\u0161anju oglji\u010dnega odtisa in podpreti cilje trajnostnega razvoja.<\/p><p>Verjamemo, da bo trgovanje z elektri\u010dno energijo iz obnovljivih virov v prihodnosti postalo klju\u010dnega pomena za zagotavljanje energetske varnosti, hkrati pa bo igralo pomembno vlogo pri spodbujanju prehoda v nizkooglji\u010dno dru\u017ebo. Na\u0161a prizadevanja vklju\u010dujejo iskanje konkuren\u010dnih in u\u010dinkovitih na\u010dinov za vklju\u010devanje obnovljivih virov energije v na\u0161e poslovanje, s \u010dimer bomo lahko na\u0161im strankam ponudili trajnostne energetske re\u0161itve.<\/p><p>Na\u0161a ambicija je postati vodilno podjetje na podro\u010dju trgovanja z elektri\u010dno energijo iz obnovljivih virov in prispevati k bolj zeleni in trajnostni energetski prihodnosti za vse.<\/p>\t\t\t\t\t\t<\/div>\n\t\t\t\t<\/div>\n\t\t\t\t<\/div>\n\t\t\t\t\t<\/div>\n\t\t\t\t<\/div>\n\t\t<div class=\"elementor-element elementor-element-5db1503 e-flex e-con-boxed e-con e-parent\" data-id=\"5db1503\" data-element_type=\"container\">\n\t\t\t\t\t<div class=\"e-con-inner\">\n\t\t\t\t<div class=\"elementor-element elementor-element-539c2ec elementor-widget elementor-widget-text-editor\" data-id=\"539c2ec\" data-element_type=\"widget\" data-widget_type=\"text-editor.default\">\n\t\t\t\t<div class=\"elementor-widget-container\">\n\t\t\t\t\t\t\t<h5>Uporabne povezave:<\/h5><ul><li><a href=\"https:\/\/www.agen-rs.si\/\">Agencija za energijo<\/a><\/li><li><a href=\"https:\/\/borzen.si\/sl-si\/\">Borzen<\/a><\/li><li><a href=\"https:\/\/www.eles.si\/\">ELES<\/a><\/li><li><a href=\"https:\/\/www.bsp-southpool.com\/home.html\">BSP Southpool<\/a><\/li><li><a href=\"https:\/\/www.cropex.hr\/en\/\">CROPEX<\/a><\/li><\/ul>\t\t\t\t\t\t<\/div>\n\t\t\t\t<\/div>\n\t\t\t\t\t<\/div>\n\t\t\t\t<\/div>\n\t\t\t\t<\/div>\n\t\t","protected":false},"excerpt":{"rendered":"<p>Trgovanje z elektri\u010dno energijo Ukvarjamo s se s trgovanjem z elektri\u010dno energijo na veleprodajnih trgih, pri \u010demer se osredoto\u010damo tako na kratkoro\u010dne kot dolgoro\u010dne strategije. Na\u0161a napredna trgovalna infrastruktura in bogate izku\u0161nje nam omogo\u010dajo zagotavljanje zanesljive in konkuren\u010dne oskrbe z elektri\u010dno energijo v Evropi. Na\u0161e dejavnosti vklju\u010dujejo trgovanje na terminskih, dnevnih in znotrajdnevnih trgih. Jedro [&hellip;]<\/p>\n","protected":false},"author":1,"featured_media":0,"parent":0,"menu_order":0,"comment_status":"closed","ping_status":"closed","template":"","meta":{"_gspb_post_css":"","footnotes":""},"class_list":["post-1620","page","type-page","status-publish","hentry"],"blocksy_meta":[],"_links":{"self":[{"href":"https:\/\/ers-trading.eu\/index.php\/wp-json\/wp\/v2\/pages\/1620","targetHints":{"allow":["GET"]}}],"collection":[{"href":"https:\/\/ers-trading.eu\/index.php\/wp-json\/wp\/v2\/pages"}],"about":[{"href":"https:\/\/ers-trading.eu\/index.php\/wp-json\/wp\/v2\/types\/page"}],"author":[{"embeddable":true,"href":"https:\/\/ers-trading.eu\/index.php\/wp-json\/wp\/v2\/users\/1"}],"replies":[{"embeddable":true,"href":"https:\/\/ers-trading.eu\/index.php\/wp-json\/wp\/v2\/comments?post=1620"}],"version-history":[{"count":31,"href":"https:\/\/ers-trading.eu\/index.php\/wp-json\/wp\/v2\/pages\/1620\/revisions"}],"predecessor-version":[{"id":1731,"href":"https:\/\/ers-trading.eu\/index.php\/wp-json\/wp\/v2\/pages\/1620\/revisions\/1731"}],"wp:attachment":[{"href":"https:\/\/ers-trading.eu\/index.php\/wp-json\/wp\/v2\/media?parent=1620"}],"curies":[{"name":"wp","href":"https:\/\/api.w.org\/{rel}","templated":true}]}}