{"id":653,"date":"2022-10-07T07:06:37","date_gmt":"2022-10-07T07:06:37","guid":{"rendered":"https:\/\/startersites.io\/elementor\/renovation\/?page_id=653"},"modified":"2025-02-04T12:49:10","modified_gmt":"2025-02-04T12:49:10","slug":"skupina","status":"publish","type":"page","link":"https:\/\/ers-trading.eu\/index.php\/skupina\/","title":{"rendered":"Skupina"},"content":{"rendered":"\t\t<div data-elementor-type=\"wp-page\" data-elementor-id=\"653\" class=\"elementor elementor-653\">\n\t\t\t\t<div class=\"elementor-element elementor-element-3acb2b0 e-flex e-con-boxed e-con e-parent\" data-id=\"3acb2b0\" data-element_type=\"container\">\n\t\t\t\t\t<div class=\"e-con-inner\">\n\t\t<div class=\"elementor-element elementor-element-dba708a e-con-full e-flex e-con e-child\" data-id=\"dba708a\" data-element_type=\"container\" data-settings=\"{&quot;background_background&quot;:&quot;classic&quot;}\">\n\t\t\t\t<div class=\"elementor-element elementor-element-937fcf1 elementor-widget elementor-widget-heading\" data-id=\"937fcf1\" data-element_type=\"widget\" data-widget_type=\"heading.default\">\n\t\t\t\t<div class=\"elementor-widget-container\">\n\t\t\t<h2 class=\"elementor-heading-title elementor-size-default\"><strong>Organizacijska shema<\/strong><\/h2>\t\t<\/div>\n\t\t\t\t<\/div>\n\t\t\t\t<div class=\"elementor-element elementor-element-f237b44 elementor-widget elementor-widget-text-editor\" data-id=\"f237b44\" data-element_type=\"widget\" data-widget_type=\"text-editor.default\">\n\t\t\t\t<div class=\"elementor-widget-container\">\n\t\t\t\t\t\t\t<p><strong>ERS Trading d.o.o. je del Skupine ERS,<\/strong> katere glavna dru\u017eba je Mje\u0161oviti Holding \u201eElektroprivreda\u201c Republike Srpske a.d. s sede\u017eem v Trebinjah v Republiki Srbski, Bosna in Hercegovina.<\/p><p>Za\u010detki Skupine ERS segajo v leto 1992, ko je bila ustanovljena dru\u017eba <strong>Elektroprivreda Republike Srpske.<\/strong> Zaradi modernizacije poslovanja, je bila leta 2005 ustanovljen holding Mje\u0161oviti Holding \u201eElektroprivreda\u201c Republike Srpske a.d, ki vklju\u010duje mati\u010dno dru\u017ebo, ter 11 h\u010derinskih dru\u017eb.<\/p><p><strong>5 h\u010derinskih dru\u017eb se ukvarja s proizvodnjo elektri\u010dne energije:<\/strong><\/p><ul><li>h\u010derinska dru\u017eba Hidroelektrane na Trebi\u0161njici d.d. Trebinje;<\/li><li>h\u010derinska dru\u017eba Hidroelektrane na Drini d.d. Vi\u0161egrad;<\/li><li>h\u010derinska dru\u017eba Hidroelektrane na Vrbasu d.d. Mrkonji\u0107 Grad;<\/li><li>h\u010derinska dru\u017eba Rudnik i Termoelektrana Gacko d.d. Gacko;<\/li><li>h\u010derinska dru\u017eba Rudnik i Termoelektrana Ugljevik d.d. Ugljevik<\/li><\/ul><p><strong>5 dru\u017eb se ukvarja z distribucijo elektri\u010dne energije:<\/strong><\/p><ul><li>h\u010derinska dru\u017eba Elektrokrajina a.d. Banja Luka;<\/li><li>h\u010derinska dru\u017eba Elektro Doboj a.d. Doboj;<\/li><li>h\u010derinska dru\u017eba Elektro Bijeljina a.d. Bijeljina;<\/li><li>h\u010derinska dru\u017eba Elektrodistribucija Pale a.d. Pale;<\/li><li>h\u010derinska dru\u017eba Elektro-Hercegovina a.d. Trebinje.<\/li><\/ul><p>Zadnja h\u010derinska dru\u017eba predstavlja raziskovalni center, ki se ukvarja z razvojem elektroenergetske opreme.<\/p><p>Skupina ERS je <strong>najve\u010dji proizvajalec in distributer elektri\u010dne energije v Republiki Srpski.<\/strong> ERS proizvaja elektri\u010dno energijo iz hidroelektrarn in termoelektrarn (na premog), s skupno instalirano mo\u010djo 1348 MW in povpre\u010dno letno proizvodnjo pribli\u017eno 5000 GWh, pri \u010demer hidro in termoelektrarne prispevajo pribli\u017eno enak dele\u017e.<\/p><p>Z ustanovitvijo dru\u017ebe ERS Trading d.o.o. je Skupina ERS prodrla na trg Evropske Unije, da lahko zagotavlja elektri\u010dno energijo tudi izven meja Republike Srbske.<\/p>\t\t\t\t\t\t<\/div>\n\t\t\t\t<\/div>\n\t\t\t\t<\/div>\n\t\t\t\t\t<\/div>\n\t\t\t\t<\/div>\n\t\t<div class=\"elementor-element elementor-element-fc1750f e-flex e-con-boxed e-con e-parent\" data-id=\"fc1750f\" data-element_type=\"container\">\n\t\t\t\t\t<div class=\"e-con-inner\">\n\t\t\t\t<div class=\"elementor-element elementor-element-51ad92a elementor-widget elementor-widget-spacer\" data-id=\"51ad92a\" data-element_type=\"widget\" data-widget_type=\"spacer.default\">\n\t\t\t\t<div class=\"elementor-widget-container\">\n\t\t\t\t\t<div class=\"elementor-spacer\">\n\t\t\t<div class=\"elementor-spacer-inner\"><\/div>\n\t\t<\/div>\n\t\t\t\t<\/div>\n\t\t\t\t<\/div>\n\t\t\t\t<div class=\"elementor-element elementor-element-5979044 elementor-widget elementor-widget-heading\" data-id=\"5979044\" data-element_type=\"widget\" data-widget_type=\"heading.default\">\n\t\t\t\t<div class=\"elementor-widget-container\">\n\t\t\t<h2 class=\"elementor-heading-title elementor-size-default\"><h2 style=\"--theme-font-size: 35px;--theme-line-height: 1.5;font-style: normal;line-height: 1.5em;font-family: Lexend, sans-serif;letter-spacing: normal;text-transform: none;text-align: center\">Poslanstvo in vizija<span style=\"color: var(--theme-heading-color, var(--theme-heading-2-color, var(--theme-headings-color)));font-family: var(--theme-font-family);font-size: var(--theme-font-size);font-style: var(--theme-font-style, inherit);font-weight: var(--theme-font-weight);letter-spacing: var(--theme-letter-spacing);text-transform: var(--theme-text-transform);text-align: left;background-color: var(--theme-palette-color-7)\"><\/span><\/h2><\/h2>\t\t<\/div>\n\t\t\t\t<\/div>\n\t\t<div class=\"elementor-element elementor-element-2a41535 e-grid e-con-full e-con e-child\" data-id=\"2a41535\" data-element_type=\"container\">\n\t\t\t\t<div class=\"elementor-element elementor-element-70f15f9 elementor-widget elementor-widget-text-editor\" data-id=\"70f15f9\" data-element_type=\"widget\" data-widget_type=\"text-editor.default\">\n\t\t\t\t<div class=\"elementor-widget-container\">\n\t\t\t\t\t\t\t<h4>Poslanstvo<\/h4><p>Osnovna naloga Skupine ERS je zagotavljanje stabilnega elektroenergetskega sistema. Stabilnost sistema se dose\u017ee z u\u010dinkovitimi proizvodnih zmogljivosti z visoko obratovalno zanesljivostjo.<\/p><p>Skupina ERS dosega obratovalna zanesljivost z vlaganji v tehni\u010dne in tehnolo\u0161ke nadgradnje obstoje\u010dih elektrarn ter gradnjo novih proizvodnih kapacitet s poudarkom na obnovljivih virih energije.<\/p><p style=\"text-align: left;\">Skupina ERS, ki je funkcionalno in organizacijsko prilagojena zahtevam predpisov Evropske Unije ter nacionalnemu zakonodajnemu okviru, je najmo\u010dnej\u0161i steber gospodarskega razvoja Republike Srbske. Uspe\u0161no poslovanje podjetja prina\u0161a zadovoljstvo uporabnikom storitev, zaposlenim in vsem zainteresiranim stranem.<\/p>\t\t\t\t\t\t<\/div>\n\t\t\t\t<\/div>\n\t\t\t\t<div class=\"elementor-element elementor-element-0a086f7 elementor-widget elementor-widget-text-editor\" data-id=\"0a086f7\" data-element_type=\"widget\" data-widget_type=\"text-editor.default\">\n\t\t\t\t<div class=\"elementor-widget-container\">\n\t\t\t\t\t\t\t<h4>Vizija<\/h4><p>Ljudje in znanje so najpomembnej\u0161i vir, ki omogo\u010da uresni\u010devanje poslanstva.<\/p><p>Mo\u010dan investicijski zagon, z dobro izbranimi projekti in skrbno ter premi\u0161ljeno izbiro partnerjev, je zanesljiva pot k pomembnej\u0161i vlogi na regionalnem trgu elektri\u010dne energije.<\/p><p>Reorganizacija izbolj\u0161anih dejavnosti distribucije in oskrbe ter tesno sodelovanje z uporabniki storitev oziroma kon\u010dnimi kupci za izpolnitev njihovih pri\u010dakovanj zagotavljata uspe\u0161no poslovanje.<\/p><p>Z dru\u017ebeno odgovornim ravnanjem, ob najvi\u0161ji mo\u017eni stopnji socialne ob\u010dutljivosti in skrbi za energetsko ranljive odjemalce, Skupina ERS pomembno prispeva k izbolj\u0161anju kakovosti \u017eivljenja vsakega svojega uporabnika.<\/p>\t\t\t\t\t\t<\/div>\n\t\t\t\t<\/div>\n\t\t\t\t<\/div>\n\t\t\t\t\t<\/div>\n\t\t\t\t<\/div>\n\t\t\t\t<\/div>\n\t\t","protected":false},"excerpt":{"rendered":"<p>Organizacijska shema ERS Trading d.o.o. je del Skupine ERS, katere glavna dru\u017eba je Mje\u0161oviti Holding \u201eElektroprivreda\u201c Republike Srpske a.d. s sede\u017eem v Trebinjah v Republiki Srbski, Bosna in Hercegovina. Za\u010detki Skupine ERS segajo v leto 1992, ko je bila ustanovljena dru\u017eba Elektroprivreda Republike Srpske. Zaradi modernizacije poslovanja, je bila leta 2005 ustanovljen holding Mje\u0161oviti Holding [&hellip;]<\/p>\n","protected":false},"author":1,"featured_media":0,"parent":0,"menu_order":0,"comment_status":"closed","ping_status":"closed","template":"","meta":{"_gspb_post_css":"","footnotes":""},"class_list":["post-653","page","type-page","status-publish","hentry"],"blocksy_meta":{"page_title_panel":"","has_hero_section":"disabled","1bb3ce9c72c20a4cf1b168f7f372451f":"","hero_section":"type-1","hero_elements":[{"id":"custom_title","enabled":true,"heading_tag":"h1","title":"Home"},{"id":"custom_description","enabled":true,"description_visibility":{"desktop":true,"tablet":true,"mobile":false}},{"id":"custom_meta","enabled":false,"meta_elements":[{"id":"author","enabled":true,"label":"By","has_author_avatar":"yes","avatar_size":25},{"id":"post_date","enabled":true,"label":"On","date_format_source":"default","date_format":"M j, Y"},{"id":"updated_date","enabled":false,"label":"On","date_format_source":"default","date_format":"M j, Y"},{"id":"categories","enabled":false,"label":"In","style":"simple"},{"id":"comments","enabled":true}],"page_meta_elements":{"joined":true,"articles_count":true,"comments":true}},{"id":"breadcrumbs","enabled":false}],"a2058bb0a36d983451521b4362af85d7":"","hero_alignment1":"CT_CSS_SKIP_RULE","hero_margin":40,"hero_alignment2":"center","hero_vertical_alignment":"center","71e71fbee2f06548cf383542faa0a7b1":"","hero_structure":"narrow","1d4ceb520f68564defc9bb3ecbf331f6":"","page_title_bg_type":"featured_image","custom_hero_background":{"attachment_id":null},"page_title_image_size":"full","parallax":{"desktop":false,"tablet":false,"mobile":false},"c70bd2ef44adacaf481498245b285f93":"","hero_height":"250px","pageTitleFont":{"family":"Default","variation":"Default","size":"30px","line-height":"CT_CSS_SKIP_RULE","letter-spacing":"CT_CSS_SKIP_RULE","text-transform":"CT_CSS_SKIP_RULE","text-decoration":"CT_CSS_SKIP_RULE"},"pageTitleFontColor":{"default":{"color":"CT_CSS_SKIP_RULEDEFAULT"}},"pageMetaFont":{"family":"Default","variation":"n6","size":"12px","line-height":"1.3","letter-spacing":"CT_CSS_SKIP_RULE","text-transform":"uppercase","text-decoration":"CT_CSS_SKIP_RULE"},"pageMetaFontColor":{"default":{"color":"CT_CSS_SKIP_RULEDEFAULT"},"hover":{"color":"CT_CSS_SKIP_RULEDEFAULT"}},"page_meta_button_type_font_colors":{"default":{"color":"CT_CSS_SKIP_RULEDEFAULT"},"hover":{"color":"CT_CSS_SKIP_RULEDEFAULT"}},"page_meta_button_type_background_colors":{"default":{"color":"CT_CSS_SKIP_RULEDEFAULT"},"hover":{"color":"CT_CSS_SKIP_RULEDEFAULT"}},"pageExcerptFont":{"family":"Default","variation":"Default","size":"CT_CSS_SKIP_RULE","line-height":"CT_CSS_SKIP_RULE","letter-spacing":"CT_CSS_SKIP_RULE","text-transform":"CT_CSS_SKIP_RULE","text-decoration":"CT_CSS_SKIP_RULE"},"pageExcerptColor":{"default":{"color":"CT_CSS_SKIP_RULEDEFAULT"}},"breadcrumbsFont":{"family":"Default","variation":"Default","size":"CT_CSS_SKIP_RULE","line-height":"CT_CSS_SKIP_RULE","letter-spacing":"CT_CSS_SKIP_RULE","text-transform":"CT_CSS_SKIP_RULE","text-decoration":"CT_CSS_SKIP_RULE"},"breadcrumbsFontColor":{"default":{"color":"CT_CSS_SKIP_RULEDEFAULT"},"initial":{"color":"CT_CSS_SKIP_RULEDEFAULT"},"hover":{"color":"CT_CSS_SKIP_RULEDEFAULT"}},"pageTitleOverlay":{"background_type":"color","background_pattern":"type-1","background_image":{"attachment_id":null,"x":0,"y":0},"gradient":"linear-gradient(135deg,rgba(6,147,227,1) 0%,rgb(155,81,224) 100%)","background_repeat":"repeat","background_size":"auto","background_attachment":"scroll","patternColor":{"default":{"color":"#e5e7ea"}},"overlayColor":{"default":{"color":"CT_CSS_SKIP_RULE"}},"backgroundColor":{"default":{"color":"CT_CSS_SKIP_RULE"}}},"pageTitleBackground":{"background_type":"color","background_pattern":"type-1","background_image":{"attachment_id":null,"x":0,"y":0},"gradient":"linear-gradient(135deg,rgba(6,147,227,1) 0%,rgb(155,81,224) 100%)","background_repeat":"repeat","background_size":"auto","background_attachment":"scroll","patternColor":{"default":{"color":"#e5e7ea"}},"overlayColor":{"default":{"color":"CT_CSS_SKIP_RULE"}},"backgroundColor":{"default":{"color":"var(--theme-palette-color-6)"}}},"pageTitlePadding":{"top":"50px","bottom":"50px","left":"auto","right":"auto","linked":true},"65f2a91d88201126578f6ba1836a3d2e":"","page_structure_type":"default","7c87dc879652efdd0e0c2e8f35e5995e":"","content_style_source":"inherit","content_style":"wide","vertical_spacing_source":"custom","content_area_spacing":"none","background":{"background_type":"color","background_pattern":"type-1","background_image":{"attachment_id":null,"x":0,"y":0},"gradient":"linear-gradient(135deg,rgba(6,147,227,1) 0%,rgb(155,81,224) 100%)","background_repeat":"repeat","background_size":"auto","background_attachment":"scroll","patternColor":{"default":{"color":"#e5e7ea"}},"overlayColor":{"default":{"color":"CT_CSS_SKIP_RULE"}},"backgroundColor":{"default":{"color":"CT_CSS_SKIP_RULE"}}},"content_background":{"background_type":"color","background_pattern":"type-1","background_image":{"attachment_id":null,"x":0,"y":0},"gradient":"linear-gradient(135deg,rgba(6,147,227,1) 0%,rgb(155,81,224) 100%)","background_repeat":"repeat","background_size":"auto","background_attachment":"scroll","patternColor":{"default":{"color":"#e5e7ea"}},"overlayColor":{"default":{"color":"CT_CSS_SKIP_RULE"}},"backgroundColor":{"default":{"color":"var(--theme-palette-color-8)"}}},"content_boxed_shadow":{"inherit":false,"blur":18,"spread":-6,"v_offset":12,"h_offset":0,"inset":false,"enable":true,"color":{"color":"rgba(34, 56, 101, 0.04)"}},"content_boxed_border":{"width":1,"style":"none","color":{"color":"rgba(44,62,80,0.2)"}},"content_boxed_radius":{"top":"3px","bottom":"3px","left":"3px","right":"3px","linked":true},"boxed_content_spacing":{"desktop":{"top":"40px","bottom":"40px","left":"40px","right":"40px","linked":true},"tablet":{"top":"35px","bottom":"35px","left":"35px","right":"35px","linked":true},"mobile":{"top":"20px","bottom":"20px","left":"20px","right":"20px","linked":true}},"548a6ec19c21e3f19d04b213c774ca97":"","disable_featured_image":"no","disable_share_box":"no","disable_header":"no","disable_footer":"no","styles_descriptor":{"styles":{"desktop":"","tablet":"","mobile":""},"google_fonts":[],"version":6}},"_links":{"self":[{"href":"https:\/\/ers-trading.eu\/index.php\/wp-json\/wp\/v2\/pages\/653","targetHints":{"allow":["GET"]}}],"collection":[{"href":"https:\/\/ers-trading.eu\/index.php\/wp-json\/wp\/v2\/pages"}],"about":[{"href":"https:\/\/ers-trading.eu\/index.php\/wp-json\/wp\/v2\/types\/page"}],"author":[{"embeddable":true,"href":"https:\/\/ers-trading.eu\/index.php\/wp-json\/wp\/v2\/users\/1"}],"replies":[{"embeddable":true,"href":"https:\/\/ers-trading.eu\/index.php\/wp-json\/wp\/v2\/comments?post=653"}],"version-history":[{"count":39,"href":"https:\/\/ers-trading.eu\/index.php\/wp-json\/wp\/v2\/pages\/653\/revisions"}],"predecessor-version":[{"id":1741,"href":"https:\/\/ers-trading.eu\/index.php\/wp-json\/wp\/v2\/pages\/653\/revisions\/1741"}],"wp:attachment":[{"href":"https:\/\/ers-trading.eu\/index.php\/wp-json\/wp\/v2\/media?parent=653"}],"curies":[{"name":"wp","href":"https:\/\/api.w.org\/{rel}","templated":true}]}}